{"id":473,"date":"2016-06-28T19:15:14","date_gmt":"2016-06-28T22:15:14","guid":{"rendered":"http:\/\/192.168.1.6\/realptl\/?page_id=473"},"modified":"2022-03-08T09:03:06","modified_gmt":"2022-03-08T12:03:06","slug":"recursos","status":"publish","type":"page","link":"http:\/\/realptl.letras.ufmg.br\/realptl\/recursos","title":{"rendered":"Recursos"},"content":{"rendered":"<p>Recursos Educacionais Abertos criados pelo REALPTL:<\/p>\n<p><a href=\"http:\/\/realptl.letras.ufmg.br\/realptl\/arquivos\/category\/portugues\">Portugu\u00eas<\/a><br \/>\n<a href=\"http:\/\/realptl.letras.ufmg.br\/realptl\/arquivos\/category\/ingles\">Ingl\u00eas<\/a><br \/>\n<a href=\"http:\/\/realptl.letras.ufmg.br\/realptl\/arquivos\/category\/espanhol\">Espanhol<\/a><br \/>\n<a href=\"http:\/\/realptl.letras.ufmg.br\/realptl\/arquivos\/category\/gramatica\">Gram\u00e1tica<\/a><br \/>\n<a href=\"http:\/\/realptl.letras.ufmg.br\/realptl\/arquivos\/category\/leitura-e-escrita\">Leitura e Escrita<\/a><br \/>\n<a href=\"http:\/\/realptl.letras.ufmg.br\/realptl\/arquivos\/category\/jogos\">Jogos<\/a><br \/>\n<a href=\"http:\/\/realptl.letras.ufmg.br\/realptl\/arquivos\/category\/leituras\">Leituras<\/a><br \/>\n<a href=\"http:\/\/realptl.letras.ufmg.br\/realptl\/arquivos\/category\/multimodalidade\">Multimodalidades<\/a><br \/>\n<a href=\"http:\/\/realptl.letras.ufmg.br\/realptl\/arquivos\/category\/metodologia\">Metodologias<\/a><br \/>\n<a href=\"http:\/\/realptl.letras.ufmg.br\/realptl\/arquivos\/category\/recursoseducacionais\">Recursos Educacionais<\/a><\/p>\n","protected":false},"excerpt":{"rendered":"<p>Recursos Educacionais Abertos criados pelo REALPTL: Portugu\u00eas Ingl\u00eas Espanhol Gram\u00e1tica Leitura e Escrita Jogos Leituras Multimodalidades Metodologias Recursos Educacionais<\/p>\n","protected":false},"author":1,"featured_media":0,"parent":0,"menu_order":3,"comment_status":"closed","ping_status":"closed","template":"","meta":[],"_links":{"self":[{"href":"http:\/\/realptl.letras.ufmg.br\/realptl\/wp-json\/wp\/v2\/pages\/473"}],"collection":[{"href":"http:\/\/realptl.letras.ufmg.br\/realptl\/wp-json\/wp\/v2\/pages"}],"about":[{"href":"http:\/\/realptl.letras.ufmg.br\/realptl\/wp-json\/wp\/v2\/types\/page"}],"author":[{"embeddable":true,"href":"http:\/\/realptl.letras.ufmg.br\/realptl\/wp-json\/wp\/v2\/users\/1"}],"replies":[{"embeddable":true,"href":"http:\/\/realptl.letras.ufmg.br\/realptl\/wp-json\/wp\/v2\/comments?post=473"}],"version-history":[{"count":9,"href":"http:\/\/realptl.letras.ufmg.br\/realptl\/wp-json\/wp\/v2\/pages\/473\/revisions"}],"predecessor-version":[{"id":3096,"href":"http:\/\/realptl.letras.ufmg.br\/realptl\/wp-json\/wp\/v2\/pages\/473\/revisions\/3096"}],"wp:attachment":[{"href":"http:\/\/realptl.letras.ufmg.br\/realptl\/wp-json\/wp\/v2\/media?parent=473"}],"curies":[{"name":"wp","href":"https:\/\/api.w.org\/{rel}","templated":true}]}}